{"id":25,"date":"2025-12-19T15:31:23","date_gmt":"2025-12-19T15:31:23","guid":{"rendered":"https:\/\/styldogpeluqueriacanina.rkinformatika.online\/?page_id=25"},"modified":"2025-12-26T16:56:14","modified_gmt":"2025-12-26T16:56:14","slug":"servicios","status":"publish","type":"page","link":"https:\/\/styldogpeluqueriacanina.com\/en\/servicios\/","title":{"rendered":"Services"},"content":{"rendered":"<div data-elementor-type=\"wp-page\" data-elementor-id=\"25\" class=\"elementor elementor-25\" data-elementor-post-type=\"page\">\n\t\t\t\t<div class=\"elementor-element elementor-element-242f3ce e-flex e-con-boxed e-con e-parent\" data-id=\"242f3ce\" data-element_type=\"container\" data-e-type=\"container\" data-settings=\"{&quot;background_background&quot;:&quot;classic&quot;}\">\n\t\t\t\t\t<div class=\"e-con-inner\">\n\t\t\t\t<div class=\"elementor-element elementor-element-9cee77b elementor-widget-mobile__width-initial elementor-widget elementor-widget-heading\" data-id=\"9cee77b\" data-element_type=\"widget\" data-e-type=\"widget\" data-widget_type=\"heading.default\">\n\t\t\t\t\t<h2 class=\"elementor-heading-title elementor-size-default\">Calidad, higiene y estilo para tu perro<\/h2>\t\t\t\t<\/div>\n\t\t\t\t\t<\/div>\n\t\t\t\t<\/div>\n\t\t<div class=\"elementor-element elementor-element-0ce0345 e-flex e-con-boxed e-con e-parent\" data-id=\"0ce0345\" data-element_type=\"container\" data-e-type=\"container\">\n\t\t\t\t\t<div class=\"e-con-inner\">\n\t\t<div class=\"elementor-element elementor-element-769cb5f e-con-full e-flex e-con e-child\" data-id=\"769cb5f\" data-element_type=\"container\" data-e-type=\"container\">\n\t\t\t\t<div class=\"elementor-element elementor-element-b7cee25 elementor-widget elementor-widget-heading\" data-id=\"b7cee25\" data-element_type=\"widget\" data-e-type=\"widget\" data-widget_type=\"heading.default\">\n\t\t\t\t\t<h2 class=\"elementor-heading-title elementor-size-default\">Peluquer\u00eda canina<\/h2>\t\t\t\t<\/div>\n\t\t\t\t<div class=\"elementor-element elementor-element-85cfea5 elementor-widget elementor-widget-image\" data-id=\"85cfea5\" data-element_type=\"widget\" data-e-type=\"widget\" data-widget_type=\"image.default\">\n\t\t\t\t\t\t\t\t\t\t\t\t\t\t\t<img fetchpriority=\"high\" decoding=\"async\" width=\"2000\" height=\"1333\" src=\"https:\/\/styldogpeluqueriacanina.com\/wp-content\/uploads\/2025\/12\/48818.jpg\" class=\"elementor-animation-grow attachment-2048x2048 size-2048x2048 wp-image-130\" alt=\"\" srcset=\"https:\/\/styldogpeluqueriacanina.com\/wp-content\/uploads\/2025\/12\/48818.jpg 2000w, https:\/\/styldogpeluqueriacanina.com\/wp-content\/uploads\/2025\/12\/48818-300x200.jpg 300w, https:\/\/styldogpeluqueriacanina.com\/wp-content\/uploads\/2025\/12\/48818-1024x682.jpg 1024w, https:\/\/styldogpeluqueriacanina.com\/wp-content\/uploads\/2025\/12\/48818-768x512.jpg 768w, https:\/\/styldogpeluqueriacanina.com\/wp-content\/uploads\/2025\/12\/48818-1536x1024.jpg 1536w, https:\/\/styldogpeluqueriacanina.com\/wp-content\/uploads\/2025\/12\/48818-18x12.jpg 18w\" sizes=\"(max-width: 2000px) 100vw, 2000px\" \/>\t\t\t\t\t\t\t\t\t\t\t\t\t\t\t<\/div>\n\t\t\t\t<\/div>\n\t\t<div class=\"elementor-element elementor-element-855303f e-con-full e-flex e-con e-child\" data-id=\"855303f\" data-element_type=\"container\" data-e-type=\"container\">\n\t\t\t\t<div class=\"elementor-element elementor-element-dcef6fb elementor-widget elementor-widget-image\" data-id=\"dcef6fb\" data-element_type=\"widget\" data-e-type=\"widget\" data-widget_type=\"image.default\">\n\t\t\t\t\t\t\t\t\t\t\t\t\t\t\t<img decoding=\"async\" width=\"2000\" height=\"1333\" src=\"https:\/\/styldogpeluqueriacanina.com\/wp-content\/uploads\/2025\/12\/2149314333.jpg\" class=\"elementor-animation-grow attachment-2048x2048 size-2048x2048 wp-image-131\" alt=\"\" srcset=\"https:\/\/styldogpeluqueriacanina.com\/wp-content\/uploads\/2025\/12\/2149314333.jpg 2000w, https:\/\/styldogpeluqueriacanina.com\/wp-content\/uploads\/2025\/12\/2149314333-300x200.jpg 300w, https:\/\/styldogpeluqueriacanina.com\/wp-content\/uploads\/2025\/12\/2149314333-1024x682.jpg 1024w, https:\/\/styldogpeluqueriacanina.com\/wp-content\/uploads\/2025\/12\/2149314333-768x512.jpg 768w, https:\/\/styldogpeluqueriacanina.com\/wp-content\/uploads\/2025\/12\/2149314333-1536x1024.jpg 1536w, https:\/\/styldogpeluqueriacanina.com\/wp-content\/uploads\/2025\/12\/2149314333-18x12.jpg 18w\" sizes=\"(max-width: 2000px) 100vw, 2000px\" \/>\t\t\t\t\t\t\t\t\t\t\t\t\t\t\t<\/div>\n\t\t\t\t<div class=\"elementor-element elementor-element-206f61c elementor-widget elementor-widget-heading\" data-id=\"206f61c\" data-element_type=\"widget\" data-e-type=\"widget\" data-widget_type=\"heading.default\">\n\t\t\t\t\t<h2 class=\"elementor-heading-title elementor-size-default\">Limpieza de o\u00eddos de perros<\/h2>\t\t\t\t<\/div>\n\t\t\t\t<\/div>\n\t\t<div class=\"elementor-element elementor-element-b30bb88 e-con-full e-flex e-con e-child\" data-id=\"b30bb88\" data-element_type=\"container\" data-e-type=\"container\">\n\t\t\t\t<div class=\"elementor-element elementor-element-0b9d971 elementor-widget elementor-widget-image\" data-id=\"0b9d971\" data-element_type=\"widget\" data-e-type=\"widget\" data-widget_type=\"image.default\">\n\t\t\t\t\t\t\t\t\t\t\t\t\t\t\t<img decoding=\"async\" width=\"2000\" height=\"1333\" src=\"https:\/\/styldogpeluqueriacanina.com\/wp-content\/uploads\/2025\/12\/7594464.jpg\" class=\"elementor-animation-grow attachment-2048x2048 size-2048x2048 wp-image-132\" alt=\"\" srcset=\"https:\/\/styldogpeluqueriacanina.com\/wp-content\/uploads\/2025\/12\/7594464.jpg 2000w, https:\/\/styldogpeluqueriacanina.com\/wp-content\/uploads\/2025\/12\/7594464-300x200.jpg 300w, https:\/\/styldogpeluqueriacanina.com\/wp-content\/uploads\/2025\/12\/7594464-1024x682.jpg 1024w, https:\/\/styldogpeluqueriacanina.com\/wp-content\/uploads\/2025\/12\/7594464-768x512.jpg 768w, https:\/\/styldogpeluqueriacanina.com\/wp-content\/uploads\/2025\/12\/7594464-1536x1024.jpg 1536w, https:\/\/styldogpeluqueriacanina.com\/wp-content\/uploads\/2025\/12\/7594464-18x12.jpg 18w\" sizes=\"(max-width: 2000px) 100vw, 2000px\" \/>\t\t\t\t\t\t\t\t\t\t\t\t\t\t\t<\/div>\n\t\t\t\t<div class=\"elementor-element elementor-element-f0a2180 elementor-widget elementor-widget-heading\" data-id=\"f0a2180\" data-element_type=\"widget\" data-e-type=\"widget\" data-widget_type=\"heading.default\">\n\t\t\t\t\t<h2 class=\"elementor-heading-title elementor-size-default\">Corte de u\u00f1as de perros<\/h2>\t\t\t\t<\/div>\n\t\t\t\t<\/div>\n\t\t<div class=\"elementor-element elementor-element-72f6c08 e-con-full e-flex e-con e-child\" data-id=\"72f6c08\" data-element_type=\"container\" data-e-type=\"container\">\n\t\t\t\t<div class=\"elementor-element elementor-element-65a6d71 elementor-widget elementor-widget-image\" data-id=\"65a6d71\" data-element_type=\"widget\" data-e-type=\"widget\" data-widget_type=\"image.default\">\n\t\t\t\t\t\t\t\t\t\t\t\t\t\t\t<img loading=\"lazy\" decoding=\"async\" width=\"2000\" height=\"1333\" src=\"https:\/\/styldogpeluqueriacanina.com\/wp-content\/uploads\/2025\/12\/71235-1.jpg\" class=\"elementor-animation-grow attachment-2048x2048 size-2048x2048 wp-image-133\" alt=\"\" srcset=\"https:\/\/styldogpeluqueriacanina.com\/wp-content\/uploads\/2025\/12\/71235-1.jpg 2000w, https:\/\/styldogpeluqueriacanina.com\/wp-content\/uploads\/2025\/12\/71235-1-300x200.jpg 300w, https:\/\/styldogpeluqueriacanina.com\/wp-content\/uploads\/2025\/12\/71235-1-1024x682.jpg 1024w, https:\/\/styldogpeluqueriacanina.com\/wp-content\/uploads\/2025\/12\/71235-1-768x512.jpg 768w, https:\/\/styldogpeluqueriacanina.com\/wp-content\/uploads\/2025\/12\/71235-1-1536x1024.jpg 1536w, https:\/\/styldogpeluqueriacanina.com\/wp-content\/uploads\/2025\/12\/71235-1-18x12.jpg 18w\" sizes=\"(max-width: 2000px) 100vw, 2000px\" \/>\t\t\t\t\t\t\t\t\t\t\t\t\t\t\t<\/div>\n\t\t\t\t<div class=\"elementor-element elementor-element-eba3805 elementor-widget elementor-widget-heading\" data-id=\"eba3805\" data-element_type=\"widget\" data-e-type=\"widget\" data-widget_type=\"heading.default\">\n\t\t\t\t\t<h2 class=\"elementor-heading-title elementor-size-default\">Higiene y cosm\u00e9tica canina<\/h2>\t\t\t\t<\/div>\n\t\t\t\t<\/div>\n\t\t<div class=\"elementor-element elementor-element-d302ba2 e-con-full e-flex e-con e-child\" data-id=\"d302ba2\" data-element_type=\"container\" data-e-type=\"container\">\n\t\t\t\t<div class=\"elementor-element elementor-element-2ee7d37 elementor-widget elementor-widget-image\" data-id=\"2ee7d37\" data-element_type=\"widget\" data-e-type=\"widget\" data-widget_type=\"image.default\">\n\t\t\t\t\t\t\t\t\t\t\t\t\t\t\t<img loading=\"lazy\" decoding=\"async\" width=\"2000\" height=\"1335\" src=\"https:\/\/styldogpeluqueriacanina.com\/wp-content\/uploads\/2025\/12\/652-2.jpg\" class=\"elementor-animation-grow attachment-2048x2048 size-2048x2048 wp-image-145\" alt=\"\" srcset=\"https:\/\/styldogpeluqueriacanina.com\/wp-content\/uploads\/2025\/12\/652-2.jpg 2000w, https:\/\/styldogpeluqueriacanina.com\/wp-content\/uploads\/2025\/12\/652-2-300x200.jpg 300w, https:\/\/styldogpeluqueriacanina.com\/wp-content\/uploads\/2025\/12\/652-2-1024x684.jpg 1024w, https:\/\/styldogpeluqueriacanina.com\/wp-content\/uploads\/2025\/12\/652-2-768x513.jpg 768w, https:\/\/styldogpeluqueriacanina.com\/wp-content\/uploads\/2025\/12\/652-2-1536x1025.jpg 1536w, https:\/\/styldogpeluqueriacanina.com\/wp-content\/uploads\/2025\/12\/652-2-18x12.jpg 18w\" sizes=\"(max-width: 2000px) 100vw, 2000px\" \/>\t\t\t\t\t\t\t\t\t\t\t\t\t\t\t<\/div>\n\t\t\t\t<div class=\"elementor-element elementor-element-4e0f471 elementor-widget elementor-widget-heading\" data-id=\"4e0f471\" data-element_type=\"widget\" data-e-type=\"widget\" data-widget_type=\"heading.default\">\n\t\t\t\t\t<h2 class=\"elementor-heading-title elementor-size-default\">Ba\u00f1o y secado de perros<\/h2>\t\t\t\t<\/div>\n\t\t\t\t<\/div>\n\t\t<div class=\"elementor-element elementor-element-84f3103 e-con-full e-flex e-con e-child\" data-id=\"84f3103\" data-element_type=\"container\" data-e-type=\"container\">\n\t\t\t\t<div class=\"elementor-element elementor-element-bc4abf8 elementor-widget elementor-widget-heading\" data-id=\"bc4abf8\" data-element_type=\"widget\" data-e-type=\"widget\" data-widget_type=\"heading.default\">\n\t\t\t\t\t<h2 class=\"elementor-heading-title elementor-size-default\">\nEscuelas Artero Academy en Zaragoza<\/h2>\t\t\t\t<\/div>\n\t\t\t\t<div class=\"elementor-element elementor-element-9976255 elementor-widget elementor-widget-button\" data-id=\"9976255\" data-element_type=\"widget\" data-e-type=\"widget\" data-widget_type=\"button.default\">\n\t\t\t\t\t\t\t\t\t\t<a class=\"elementor-button elementor-button-link elementor-size-sm\" href=\"https:\/\/arteroacademy.com\/\">\n\t\t\t\t\t\t<span class=\"elementor-button-content-wrapper\">\n\t\t\t\t\t\t\t\t\t<span class=\"elementor-button-text\">Cursos<\/span>\n\t\t\t\t\t<\/span>\n\t\t\t\t\t<\/a>\n\t\t\t\t\t\t\t\t<\/div>\n\t\t\t\t<\/div>\n\t\t\t\t\t<\/div>\n\t\t\t\t<\/div>\n\t\t<div class=\"elementor-element elementor-element-3ed652b e-flex e-con-boxed e-con e-parent\" data-id=\"3ed652b\" data-element_type=\"container\" data-e-type=\"container\" data-settings=\"{&quot;background_background&quot;:&quot;classic&quot;}\">\n\t\t\t\t\t<div class=\"e-con-inner\">\n\t\t\t\t<div class=\"elementor-element elementor-element-33ac4f5 elementor-widget elementor-widget-heading\" data-id=\"33ac4f5\" data-element_type=\"widget\" data-e-type=\"widget\" data-widget_type=\"heading.default\">\n\t\t\t\t\t<h2 class=\"elementor-heading-title elementor-size-default\">Request information or make a reservation here<\/h2>\t\t\t\t<\/div>\n\t\t\t\t<div class=\"elementor-element elementor-element-1a083f7 elementor-widget elementor-widget-button\" data-id=\"1a083f7\" data-element_type=\"widget\" data-e-type=\"widget\" data-widget_type=\"button.default\">\n\t\t\t\t\t\t\t\t\t\t<a class=\"elementor-button elementor-button-link elementor-size-sm\" href=\"\/en\/contacto\/\">\n\t\t\t\t\t\t<span class=\"elementor-button-content-wrapper\">\n\t\t\t\t\t\t\t\t\t<span class=\"elementor-button-text\">Ir a contacto<\/span>\n\t\t\t\t\t<\/span>\n\t\t\t\t\t<\/a>\n\t\t\t\t\t\t\t\t<\/div>\n\t\t\t\t\t<\/div>\n\t\t\t\t<\/div>\n\t\t\t\t<\/div>","protected":false},"excerpt":{"rendered":"<p>Calidad, higiene y estilo para tu perro Peluquer\u00eda canina Limpieza de o\u00eddos de perros Corte de u\u00f1as de perros Higiene y cosm\u00e9tica canina Ba\u00f1o y secado de perros Escuelas Artero Academy en Zaragoza Cursos Solicita informaci\u00f3n o reserva aqu\u00ed Ir a contacto<\/p>","protected":false},"author":1,"featured_media":0,"parent":0,"menu_order":0,"comment_status":"closed","ping_status":"closed","template":"elementor_canvas","meta":{"footnotes":""},"class_list":["post-25","page","type-page","status-publish","hentry"],"yoast_head":"<!-- This site is optimized with the Yoast SEO plugin v27.3 - https:\/\/yoast.com\/product\/yoast-seo-wordpress\/ -->\n<title>Servicios - Styl Dog Peluquer\u00eda Canina<\/title>\n<meta name=\"robots\" content=\"index, follow, max-snippet:-1, max-image-preview:large, max-video-preview:-1\" \/>\n<link rel=\"canonical\" href=\"https:\/\/styldogpeluqueriacanina.com\/en\/servicios\/\" \/>\n<meta property=\"og:locale\" content=\"en_US\" \/>\n<meta property=\"og:type\" content=\"article\" \/>\n<meta property=\"og:title\" content=\"Servicios - Styl Dog Peluquer\u00eda Canina\" \/>\n<meta property=\"og:description\" content=\"Calidad, higiene y estilo para tu perro Peluquer\u00eda canina Limpieza de o\u00eddos de perros Corte de u\u00f1as de perros Higiene y cosm\u00e9tica canina Ba\u00f1o y secado de perros Escuelas Artero Academy en Zaragoza Cursos Solicita informaci\u00f3n o reserva aqu\u00ed Ir a contacto\" \/>\n<meta property=\"og:url\" content=\"https:\/\/styldogpeluqueriacanina.com\/en\/servicios\/\" \/>\n<meta property=\"og:site_name\" content=\"Styl Dog Peluquer\u00eda Canina\" \/>\n<meta property=\"article:modified_time\" content=\"2025-12-26T16:56:14+00:00\" \/>\n<meta property=\"og:image\" content=\"https:\/\/styldogpeluqueriacanina.com\/wp-content\/uploads\/2025\/12\/48818.jpg\" \/>\n\t<meta property=\"og:image:width\" content=\"2000\" \/>\n\t<meta property=\"og:image:height\" content=\"1333\" \/>\n\t<meta property=\"og:image:type\" content=\"image\/jpeg\" \/>\n<meta name=\"twitter:card\" content=\"summary_large_image\" \/>\n<meta name=\"twitter:label1\" content=\"Est. reading time\" \/>\n\t<meta name=\"twitter:data1\" content=\"1 minute\" \/>\n<script type=\"application\/ld+json\" class=\"yoast-schema-graph\">{\"@context\":\"https:\\\/\\\/schema.org\",\"@graph\":[{\"@type\":\"WebPage\",\"@id\":\"https:\\\/\\\/styldogpeluqueriacanina.com\\\/servicios\\\/\",\"url\":\"https:\\\/\\\/styldogpeluqueriacanina.com\\\/servicios\\\/\",\"name\":\"Servicios - Styl Dog Peluquer\u00eda Canina\",\"isPartOf\":{\"@id\":\"https:\\\/\\\/styldogpeluqueriacanina.com\\\/#website\"},\"primaryImageOfPage\":{\"@id\":\"https:\\\/\\\/styldogpeluqueriacanina.com\\\/servicios\\\/#primaryimage\"},\"image\":{\"@id\":\"https:\\\/\\\/styldogpeluqueriacanina.com\\\/servicios\\\/#primaryimage\"},\"thumbnailUrl\":\"https:\\\/\\\/styldogpeluqueriacanina.com\\\/wp-content\\\/uploads\\\/2025\\\/12\\\/48818.jpg\",\"datePublished\":\"2025-12-19T15:31:23+00:00\",\"dateModified\":\"2025-12-26T16:56:14+00:00\",\"breadcrumb\":{\"@id\":\"https:\\\/\\\/styldogpeluqueriacanina.com\\\/servicios\\\/#breadcrumb\"},\"inLanguage\":\"en-US\",\"potentialAction\":[{\"@type\":\"ReadAction\",\"target\":[\"https:\\\/\\\/styldogpeluqueriacanina.com\\\/servicios\\\/\"]}]},{\"@type\":\"ImageObject\",\"inLanguage\":\"en-US\",\"@id\":\"https:\\\/\\\/styldogpeluqueriacanina.com\\\/servicios\\\/#primaryimage\",\"url\":\"https:\\\/\\\/styldogpeluqueriacanina.com\\\/wp-content\\\/uploads\\\/2025\\\/12\\\/48818.jpg\",\"contentUrl\":\"https:\\\/\\\/styldogpeluqueriacanina.com\\\/wp-content\\\/uploads\\\/2025\\\/12\\\/48818.jpg\"},{\"@type\":\"BreadcrumbList\",\"@id\":\"https:\\\/\\\/styldogpeluqueriacanina.com\\\/servicios\\\/#breadcrumb\",\"itemListElement\":[{\"@type\":\"ListItem\",\"position\":1,\"name\":\"Portada\",\"item\":\"https:\\\/\\\/styldogpeluqueriacanina.com\\\/\"},{\"@type\":\"ListItem\",\"position\":2,\"name\":\"Servicios\"}]},{\"@type\":\"WebSite\",\"@id\":\"https:\\\/\\\/styldogpeluqueriacanina.com\\\/#website\",\"url\":\"https:\\\/\\\/styldogpeluqueriacanina.com\\\/\",\"name\":\"Styl Dog Peluquer\u00eda Canina\",\"description\":\"\",\"publisher\":{\"@id\":\"https:\\\/\\\/styldogpeluqueriacanina.com\\\/#organization\"},\"potentialAction\":[{\"@type\":\"SearchAction\",\"target\":{\"@type\":\"EntryPoint\",\"urlTemplate\":\"https:\\\/\\\/styldogpeluqueriacanina.com\\\/?s={search_term_string}\"},\"query-input\":{\"@type\":\"PropertyValueSpecification\",\"valueRequired\":true,\"valueName\":\"search_term_string\"}}],\"inLanguage\":\"en-US\"},{\"@type\":\"Organization\",\"@id\":\"https:\\\/\\\/styldogpeluqueriacanina.com\\\/#organization\",\"name\":\"Styl Dog Peluquer\u00eda Canina\",\"url\":\"https:\\\/\\\/styldogpeluqueriacanina.com\\\/\",\"logo\":{\"@type\":\"ImageObject\",\"inLanguage\":\"en-US\",\"@id\":\"https:\\\/\\\/styldogpeluqueriacanina.com\\\/#\\\/schema\\\/logo\\\/image\\\/\",\"url\":\"https:\\\/\\\/styldogpeluqueriacanina.com\\\/wp-content\\\/uploads\\\/2025\\\/12\\\/styldog202511_logo_web.png\",\"contentUrl\":\"https:\\\/\\\/styldogpeluqueriacanina.com\\\/wp-content\\\/uploads\\\/2025\\\/12\\\/styldog202511_logo_web.png\",\"width\":1080,\"height\":1080,\"caption\":\"Styl Dog Peluquer\u00eda Canina\"},\"image\":{\"@id\":\"https:\\\/\\\/styldogpeluqueriacanina.com\\\/#\\\/schema\\\/logo\\\/image\\\/\"}}]}<\/script>\n<!-- \/ Yoast SEO plugin. -->","yoast_head_json":{"title":"Servicios - Styl Dog Peluquer\u00eda Canina","robots":{"index":"index","follow":"follow","max-snippet":"max-snippet:-1","max-image-preview":"max-image-preview:large","max-video-preview":"max-video-preview:-1"},"canonical":"https:\/\/styldogpeluqueriacanina.com\/en\/servicios\/","og_locale":"en_US","og_type":"article","og_title":"Servicios - Styl Dog Peluquer\u00eda Canina","og_description":"Calidad, higiene y estilo para tu perro Peluquer\u00eda canina Limpieza de o\u00eddos de perros Corte de u\u00f1as de perros Higiene y cosm\u00e9tica canina Ba\u00f1o y secado de perros Escuelas Artero Academy en Zaragoza Cursos Solicita informaci\u00f3n o reserva aqu\u00ed Ir a contacto","og_url":"https:\/\/styldogpeluqueriacanina.com\/en\/servicios\/","og_site_name":"Styl Dog Peluquer\u00eda Canina","article_modified_time":"2025-12-26T16:56:14+00:00","og_image":[{"width":2000,"height":1333,"url":"https:\/\/styldogpeluqueriacanina.com\/wp-content\/uploads\/2025\/12\/48818.jpg","type":"image\/jpeg"}],"twitter_card":"summary_large_image","twitter_misc":{"Est. reading time":"1 minute"},"schema":{"@context":"https:\/\/schema.org","@graph":[{"@type":"WebPage","@id":"https:\/\/styldogpeluqueriacanina.com\/servicios\/","url":"https:\/\/styldogpeluqueriacanina.com\/servicios\/","name":"Servicios - Styl Dog Peluquer\u00eda Canina","isPartOf":{"@id":"https:\/\/styldogpeluqueriacanina.com\/#website"},"primaryImageOfPage":{"@id":"https:\/\/styldogpeluqueriacanina.com\/servicios\/#primaryimage"},"image":{"@id":"https:\/\/styldogpeluqueriacanina.com\/servicios\/#primaryimage"},"thumbnailUrl":"https:\/\/styldogpeluqueriacanina.com\/wp-content\/uploads\/2025\/12\/48818.jpg","datePublished":"2025-12-19T15:31:23+00:00","dateModified":"2025-12-26T16:56:14+00:00","breadcrumb":{"@id":"https:\/\/styldogpeluqueriacanina.com\/servicios\/#breadcrumb"},"inLanguage":"en-US","potentialAction":[{"@type":"ReadAction","target":["https:\/\/styldogpeluqueriacanina.com\/servicios\/"]}]},{"@type":"ImageObject","inLanguage":"en-US","@id":"https:\/\/styldogpeluqueriacanina.com\/servicios\/#primaryimage","url":"https:\/\/styldogpeluqueriacanina.com\/wp-content\/uploads\/2025\/12\/48818.jpg","contentUrl":"https:\/\/styldogpeluqueriacanina.com\/wp-content\/uploads\/2025\/12\/48818.jpg"},{"@type":"BreadcrumbList","@id":"https:\/\/styldogpeluqueriacanina.com\/servicios\/#breadcrumb","itemListElement":[{"@type":"ListItem","position":1,"name":"Portada","item":"https:\/\/styldogpeluqueriacanina.com\/"},{"@type":"ListItem","position":2,"name":"Servicios"}]},{"@type":"WebSite","@id":"https:\/\/styldogpeluqueriacanina.com\/#website","url":"https:\/\/styldogpeluqueriacanina.com\/","name":"Styl Dog Peluquer\u00eda Canina","description":"","publisher":{"@id":"https:\/\/styldogpeluqueriacanina.com\/#organization"},"potentialAction":[{"@type":"SearchAction","target":{"@type":"EntryPoint","urlTemplate":"https:\/\/styldogpeluqueriacanina.com\/?s={search_term_string}"},"query-input":{"@type":"PropertyValueSpecification","valueRequired":true,"valueName":"search_term_string"}}],"inLanguage":"en-US"},{"@type":"Organization","@id":"https:\/\/styldogpeluqueriacanina.com\/#organization","name":"Styl Dog Peluquer\u00eda Canina","url":"https:\/\/styldogpeluqueriacanina.com\/","logo":{"@type":"ImageObject","inLanguage":"en-US","@id":"https:\/\/styldogpeluqueriacanina.com\/#\/schema\/logo\/image\/","url":"https:\/\/styldogpeluqueriacanina.com\/wp-content\/uploads\/2025\/12\/styldog202511_logo_web.png","contentUrl":"https:\/\/styldogpeluqueriacanina.com\/wp-content\/uploads\/2025\/12\/styldog202511_logo_web.png","width":1080,"height":1080,"caption":"Styl Dog Peluquer\u00eda Canina"},"image":{"@id":"https:\/\/styldogpeluqueriacanina.com\/#\/schema\/logo\/image\/"}}]}},"_links":{"self":[{"href":"https:\/\/styldogpeluqueriacanina.com\/en\/wp-json\/wp\/v2\/pages\/25","targetHints":{"allow":["GET"]}}],"collection":[{"href":"https:\/\/styldogpeluqueriacanina.com\/en\/wp-json\/wp\/v2\/pages"}],"about":[{"href":"https:\/\/styldogpeluqueriacanina.com\/en\/wp-json\/wp\/v2\/types\/page"}],"author":[{"embeddable":true,"href":"https:\/\/styldogpeluqueriacanina.com\/en\/wp-json\/wp\/v2\/users\/1"}],"replies":[{"embeddable":true,"href":"https:\/\/styldogpeluqueriacanina.com\/en\/wp-json\/wp\/v2\/comments?post=25"}],"version-history":[{"count":80,"href":"https:\/\/styldogpeluqueriacanina.com\/en\/wp-json\/wp\/v2\/pages\/25\/revisions"}],"predecessor-version":[{"id":329,"href":"https:\/\/styldogpeluqueriacanina.com\/en\/wp-json\/wp\/v2\/pages\/25\/revisions\/329"}],"wp:attachment":[{"href":"https:\/\/styldogpeluqueriacanina.com\/en\/wp-json\/wp\/v2\/media?parent=25"}],"curies":[{"name":"wp","href":"https:\/\/api.w.org\/{rel}","templated":true}]}}