{"id":14,"date":"2025-12-19T15:25:18","date_gmt":"2025-12-19T15:25:18","guid":{"rendered":"https:\/\/styldogpeluqueriacanina.rkinformatika.online\/?page_id=14"},"modified":"2025-12-26T16:55:54","modified_gmt":"2025-12-26T16:55:54","slug":"inicio","status":"publish","type":"page","link":"https:\/\/styldogpeluqueriacanina.com\/en\/","title":{"rendered":"Home"},"content":{"rendered":"<div data-elementor-type=\"wp-page\" data-elementor-id=\"14\" class=\"elementor elementor-14\" data-elementor-post-type=\"page\">\n\t\t\t\t<div class=\"elementor-element elementor-element-19b6163 e-flex e-con-boxed e-con e-parent\" data-id=\"19b6163\" data-element_type=\"container\" data-e-type=\"container\" data-settings=\"{&quot;background_background&quot;:&quot;classic&quot;}\">\n\t\t\t\t\t<div class=\"e-con-inner\">\n\t\t\t\t<div class=\"elementor-element elementor-element-db1744d elementor-widget elementor-widget-heading\" data-id=\"db1744d\" data-element_type=\"widget\" data-e-type=\"widget\" data-widget_type=\"heading.default\">\n\t\t\t\t\t<h2 class=\"elementor-heading-title elementor-size-default\">STYL DOG \u200b\u200bDog Grooming<\/h2>\t\t\t\t<\/div>\n\t\t\t\t\t<\/div>\n\t\t\t\t<\/div>\n\t\t<div class=\"elementor-element elementor-element-ae80915 e-flex e-con-boxed e-con e-parent\" data-id=\"ae80915\" data-element_type=\"container\" data-e-type=\"container\">\n\t\t\t\t\t<div class=\"e-con-inner\">\n\t\t<div class=\"elementor-element elementor-element-7b38f49 e-con-full e-flex e-con e-child\" data-id=\"7b38f49\" data-element_type=\"container\" data-e-type=\"container\">\n\t\t\t\t<div class=\"elementor-element elementor-element-d4a0d81 elementor-widget elementor-widget-heading\" data-id=\"d4a0d81\" data-element_type=\"widget\" data-e-type=\"widget\" data-widget_type=\"heading.default\">\n\t\t\t\t\t<h2 class=\"elementor-heading-title elementor-size-default\">About us<\/h2>\t\t\t\t<\/div>\n\t\t\t\t<div class=\"elementor-element elementor-element-aa6b8e6 elementor-widget elementor-widget-text-editor\" data-id=\"aa6b8e6\" data-element_type=\"widget\" data-e-type=\"widget\" data-widget_type=\"text-editor.default\">\n\t\t\t\t\t\t\t\t\t<p>We are a dog grooming salon with over 20 years of experience, committed to the care, hygiene, and overall well-being of every dog \u200b\u200bthat visits us. Throughout our history, we have perfected our services to offer professional, personalized attention tailored to each pet's needs. We offer a complete canine hygiene and grooming service that includes bathing and drying, nail trimming, ear cleaning, and professional grooming, always using high-quality products and safe techniques. Our goal is for every dog \u200b\u200bto feel calm, comfortable, and well cared for, providing not only excellent aesthetic results but also a pleasant and stress-free experience for the peace of mind and confidence of their owners.<\/p>\t\t\t\t\t\t\t\t<\/div>\n\t\t\t\t<\/div>\n\t\t<div class=\"elementor-element elementor-element-e2158c6 e-con-full e-flex e-con e-child\" data-id=\"e2158c6\" data-element_type=\"container\" data-e-type=\"container\">\n\t\t\t\t<div class=\"elementor-element elementor-element-4768bb4 elementor-widget elementor-widget-image\" data-id=\"4768bb4\" data-element_type=\"widget\" data-e-type=\"widget\" data-widget_type=\"image.default\">\n\t\t\t\t\t\t\t\t\t\t\t\t\t\t\t<img fetchpriority=\"high\" decoding=\"async\" width=\"2000\" height=\"1333\" src=\"https:\/\/styldogpeluqueriacanina.com\/wp-content\/uploads\/2025\/12\/48812.jpg\" class=\"attachment-2048x2048 size-2048x2048 wp-image-239\" alt=\"\" srcset=\"https:\/\/styldogpeluqueriacanina.com\/wp-content\/uploads\/2025\/12\/48812.jpg 2000w, https:\/\/styldogpeluqueriacanina.com\/wp-content\/uploads\/2025\/12\/48812-300x200.jpg 300w, https:\/\/styldogpeluqueriacanina.com\/wp-content\/uploads\/2025\/12\/48812-1024x682.jpg 1024w, https:\/\/styldogpeluqueriacanina.com\/wp-content\/uploads\/2025\/12\/48812-768x512.jpg 768w, https:\/\/styldogpeluqueriacanina.com\/wp-content\/uploads\/2025\/12\/48812-1536x1024.jpg 1536w, https:\/\/styldogpeluqueriacanina.com\/wp-content\/uploads\/2025\/12\/48812-18x12.jpg 18w\" sizes=\"(max-width: 2000px) 100vw, 2000px\" \/>\t\t\t\t\t\t\t\t\t\t\t\t\t\t\t<\/div>\n\t\t\t\t<\/div>\n\t\t\t\t\t<\/div>\n\t\t\t\t<\/div>\n\t\t<div class=\"elementor-element elementor-element-6ee3818 e-flex e-con-boxed e-con e-parent\" data-id=\"6ee3818\" data-element_type=\"container\" data-e-type=\"container\">\n\t\t\t\t\t<div class=\"e-con-inner\">\n\t\t\t\t<div class=\"elementor-element elementor-element-b8558e3 elementor-arrows-position-inside elementor-pagination-position-outside elementor-widget elementor-widget-image-carousel\" data-id=\"b8558e3\" data-element_type=\"widget\" data-e-type=\"widget\" data-settings=\"{&quot;slides_to_show_tablet&quot;:&quot;3&quot;,&quot;navigation&quot;:&quot;both&quot;,&quot;autoplay&quot;:&quot;yes&quot;,&quot;pause_on_hover&quot;:&quot;yes&quot;,&quot;pause_on_interaction&quot;:&quot;yes&quot;,&quot;autoplay_speed&quot;:5000,&quot;infinite&quot;:&quot;yes&quot;,&quot;speed&quot;:500,&quot;image_spacing_custom&quot;:{&quot;unit&quot;:&quot;px&quot;,&quot;size&quot;:20,&quot;sizes&quot;:[]},&quot;image_spacing_custom_tablet&quot;:{&quot;unit&quot;:&quot;px&quot;,&quot;size&quot;:&quot;&quot;,&quot;sizes&quot;:[]},&quot;image_spacing_custom_mobile&quot;:{&quot;unit&quot;:&quot;px&quot;,&quot;size&quot;:&quot;&quot;,&quot;sizes&quot;:[]}}\" data-widget_type=\"image-carousel.default\">\n\t\t\t\t\t\t\t<div class=\"elementor-image-carousel-wrapper swiper\" role=\"region\" aria-roledescription=\"carousel\" aria-label=\"Carrusel de im\u00e1genes\" dir=\"ltr\">\n\t\t\t<div class=\"elementor-image-carousel swiper-wrapper\" aria-live=\"off\">\n\t\t\t\t\t\t\t\t<div class=\"swiper-slide\" role=\"group\" aria-roledescription=\"slide\" aria-label=\"1 of 4\" data-no-translation-aria-label=\"\"><figure class=\"swiper-slide-inner\"><img decoding=\"async\" class=\"swiper-slide-image\" src=\"https:\/\/styldogpeluqueriacanina.com\/wp-content\/uploads\/2025\/12\/Captura-desde-2025-12-22-12-51-27.png\" alt=\"Captura desde 2025-12-22 12-51-27\" \/><\/figure><\/div><div class=\"swiper-slide\" role=\"group\" aria-roledescription=\"slide\" aria-label=\"2 of 4\" data-no-translation-aria-label=\"\"><figure class=\"swiper-slide-inner\"><img decoding=\"async\" class=\"swiper-slide-image\" src=\"https:\/\/styldogpeluqueriacanina.com\/wp-content\/uploads\/2025\/12\/Captura-desde-2025-12-22-12-51-44.png\" alt=\"Captura desde 2025-12-22 12-51-44\" \/><\/figure><\/div><div class=\"swiper-slide\" role=\"group\" aria-roledescription=\"slide\" aria-label=\"3 of 4\" data-no-translation-aria-label=\"\"><figure class=\"swiper-slide-inner\"><img decoding=\"async\" class=\"swiper-slide-image\" src=\"https:\/\/styldogpeluqueriacanina.com\/wp-content\/uploads\/2025\/12\/Captura-desde-2025-12-22-12-51-35.png\" alt=\"Captura desde 2025-12-22 12-51-35\" \/><\/figure><\/div><div class=\"swiper-slide\" role=\"group\" aria-roledescription=\"slide\" aria-label=\"4 of 4\" data-no-translation-aria-label=\"\"><figure class=\"swiper-slide-inner\"><img decoding=\"async\" class=\"swiper-slide-image\" src=\"https:\/\/styldogpeluqueriacanina.com\/wp-content\/uploads\/2025\/12\/Captura-desde-2025-12-22-12-49-21.png\" alt=\"Captura desde 2025-12-22 12-49-21\" \/><\/figure><\/div>\t\t\t<\/div>\n\t\t\t\t\t\t\t\t\t\t\t\t<div class=\"elementor-swiper-button elementor-swiper-button-prev\" role=\"button\" tabindex=\"0\">\n\t\t\t\t\t\t<svg aria-hidden=\"true\" class=\"e-font-icon-svg e-eicon-chevron-left\" viewbox=\"0 0 1000 1000\" xmlns=\"http:\/\/www.w3.org\/2000\/svg\"><path d=\"M646 125C629 125 613 133 604 142L308 442C296 454 292 471 292 487 292 504 296 521 308 533L604 854C617 867 629 875 646 875 663 875 679 871 692 858 704 846 713 829 713 812 713 796 708 779 692 767L438 487 692 225C700 217 708 204 708 187 708 171 704 154 692 142 675 129 663 125 646 125Z\"><\/path><\/svg>\t\t\t\t\t<\/div>\n\t\t\t\t\t<div class=\"elementor-swiper-button elementor-swiper-button-next\" role=\"button\" tabindex=\"0\">\n\t\t\t\t\t\t<svg aria-hidden=\"true\" class=\"e-font-icon-svg e-eicon-chevron-right\" viewbox=\"0 0 1000 1000\" xmlns=\"http:\/\/www.w3.org\/2000\/svg\"><path d=\"M696 533C708 521 713 504 713 487 713 471 708 454 696 446L400 146C388 133 375 125 354 125 338 125 325 129 313 142 300 154 292 171 292 187 292 204 296 221 308 233L563 492 304 771C292 783 288 800 288 817 288 833 296 850 308 863 321 871 338 875 354 875 371 875 388 867 400 854L696 533Z\"><\/path><\/svg>\t\t\t\t\t<\/div>\n\t\t\t\t\n\t\t\t\t\t\t\t\t\t<div class=\"swiper-pagination\"><\/div>\n\t\t\t\t\t\t\t\t\t<\/div>\n\t\t\t\t\t\t<\/div>\n\t\t\t\t\t<\/div>\n\t\t\t\t<\/div>\n\t\t<div class=\"elementor-element elementor-element-f5c3871 e-flex e-con-boxed e-con e-parent\" data-id=\"f5c3871\" data-element_type=\"container\" data-e-type=\"container\" data-settings=\"{&quot;background_background&quot;:&quot;classic&quot;}\">\n\t\t\t\t\t<div class=\"e-con-inner\">\n\t\t\t\t<div class=\"elementor-element elementor-element-8fac026 elementor-widget elementor-widget-heading\" data-id=\"8fac026\" data-element_type=\"widget\" data-e-type=\"widget\" data-widget_type=\"heading.default\">\n\t\t\t\t\t<h2 class=\"elementor-heading-title elementor-size-default\">Request information or make a reservation here<\/h2>\t\t\t\t<\/div>\n\t\t\t\t<div class=\"elementor-element elementor-element-db429b4 elementor-widget elementor-widget-button\" data-id=\"db429b4\" data-element_type=\"widget\" data-e-type=\"widget\" data-widget_type=\"button.default\">\n\t\t\t\t\t\t\t\t\t\t<a class=\"elementor-button elementor-button-link elementor-size-sm\" href=\"\/en\/servicios\/\">\n\t\t\t\t\t\t<span class=\"elementor-button-content-wrapper\">\n\t\t\t\t\t\t\t\t\t<span class=\"elementor-button-text\">Go to services<\/span>\n\t\t\t\t\t<\/span>\n\t\t\t\t\t<\/a>\n\t\t\t\t\t\t\t\t<\/div>\n\t\t\t\t\t<\/div>\n\t\t\t\t<\/div>\n\t\t\t\t<\/div>","protected":false},"excerpt":{"rendered":"<p>Peluquer\u00eda Canina STYL DOG Sobre nosotros Somos una peluquer\u00eda canina con m\u00e1s de 20 a\u00f1os de experiencia, comprometidos con el cuidado, la higiene y el bienestar integral de cada perro que nos visita. A lo largo de nuestra trayectoria hemos perfeccionado nuestros servicios para ofrecer una atenci\u00f3n profesional, personalizada y adaptada a las necesidades de [&hellip;]<\/p>\n","protected":false},"author":1,"featured_media":0,"parent":0,"menu_order":0,"comment_status":"closed","ping_status":"closed","template":"elementor_canvas","meta":{"footnotes":""},"class_list":["post-14","page","type-page","status-publish","hentry"],"yoast_head":"<!-- This site is optimized with the Yoast SEO plugin v27.3 - https:\/\/yoast.com\/product\/yoast-seo-wordpress\/ -->\n<title>Inicio - Styl Dog Peluquer\u00eda Canina<\/title>\n<meta name=\"robots\" content=\"index, follow, max-snippet:-1, max-image-preview:large, max-video-preview:-1\" \/>\n<link rel=\"canonical\" href=\"https:\/\/styldogpeluqueriacanina.com\/en\/\" \/>\n<meta property=\"og:locale\" content=\"en_US\" \/>\n<meta property=\"og:type\" content=\"article\" \/>\n<meta property=\"og:title\" content=\"Inicio - Styl Dog Peluquer\u00eda Canina\" \/>\n<meta property=\"og:description\" content=\"Peluquer\u00eda Canina STYL DOG Sobre nosotros Somos una peluquer\u00eda canina con m\u00e1s de 20 a\u00f1os de experiencia, comprometidos con el cuidado, la higiene y el bienestar integral de cada perro que nos visita. A lo largo de nuestra trayectoria hemos perfeccionado nuestros servicios para ofrecer una atenci\u00f3n profesional, personalizada y adaptada a las necesidades de [&hellip;]\" \/>\n<meta property=\"og:url\" content=\"https:\/\/styldogpeluqueriacanina.com\/en\/\" \/>\n<meta property=\"og:site_name\" content=\"Styl Dog Peluquer\u00eda Canina\" \/>\n<meta property=\"article:modified_time\" content=\"2025-12-26T16:55:54+00:00\" \/>\n<meta property=\"og:image\" content=\"https:\/\/styldogpeluqueriacanina.com\/wp-content\/uploads\/2025\/12\/48812.jpg\" \/>\n\t<meta property=\"og:image:width\" content=\"2000\" \/>\n\t<meta property=\"og:image:height\" content=\"1333\" \/>\n\t<meta property=\"og:image:type\" content=\"image\/jpeg\" \/>\n<meta name=\"twitter:card\" content=\"summary_large_image\" \/>\n<meta name=\"twitter:label1\" content=\"Est. reading time\" \/>\n\t<meta name=\"twitter:data1\" content=\"3 minutes\" \/>\n<script type=\"application\/ld+json\" class=\"yoast-schema-graph\">{\"@context\":\"https:\\\/\\\/schema.org\",\"@graph\":[{\"@type\":\"WebPage\",\"@id\":\"https:\\\/\\\/styldogpeluqueriacanina.com\\\/\",\"url\":\"https:\\\/\\\/styldogpeluqueriacanina.com\\\/\",\"name\":\"Inicio - Styl Dog Peluquer\u00eda Canina\",\"isPartOf\":{\"@id\":\"https:\\\/\\\/styldogpeluqueriacanina.com\\\/#website\"},\"primaryImageOfPage\":{\"@id\":\"https:\\\/\\\/styldogpeluqueriacanina.com\\\/#primaryimage\"},\"image\":{\"@id\":\"https:\\\/\\\/styldogpeluqueriacanina.com\\\/#primaryimage\"},\"thumbnailUrl\":\"https:\\\/\\\/styldogpeluqueriacanina.com\\\/wp-content\\\/uploads\\\/2025\\\/12\\\/48812.jpg\",\"datePublished\":\"2025-12-19T15:25:18+00:00\",\"dateModified\":\"2025-12-26T16:55:54+00:00\",\"breadcrumb\":{\"@id\":\"https:\\\/\\\/styldogpeluqueriacanina.com\\\/#breadcrumb\"},\"inLanguage\":\"en-US\",\"potentialAction\":[{\"@type\":\"ReadAction\",\"target\":[\"https:\\\/\\\/styldogpeluqueriacanina.com\\\/\"]}]},{\"@type\":\"ImageObject\",\"inLanguage\":\"en-US\",\"@id\":\"https:\\\/\\\/styldogpeluqueriacanina.com\\\/#primaryimage\",\"url\":\"https:\\\/\\\/styldogpeluqueriacanina.com\\\/wp-content\\\/uploads\\\/2025\\\/12\\\/48812.jpg\",\"contentUrl\":\"https:\\\/\\\/styldogpeluqueriacanina.com\\\/wp-content\\\/uploads\\\/2025\\\/12\\\/48812.jpg\"},{\"@type\":\"BreadcrumbList\",\"@id\":\"https:\\\/\\\/styldogpeluqueriacanina.com\\\/#breadcrumb\",\"itemListElement\":[{\"@type\":\"ListItem\",\"position\":1,\"name\":\"Portada\",\"item\":\"https:\\\/\\\/styldogpeluqueriacanina.com\\\/\"},{\"@type\":\"ListItem\",\"position\":2,\"name\":\"Inicio\"}]},{\"@type\":\"WebSite\",\"@id\":\"https:\\\/\\\/styldogpeluqueriacanina.com\\\/#website\",\"url\":\"https:\\\/\\\/styldogpeluqueriacanina.com\\\/\",\"name\":\"Styl Dog Peluquer\u00eda Canina\",\"description\":\"\",\"publisher\":{\"@id\":\"https:\\\/\\\/styldogpeluqueriacanina.com\\\/#organization\"},\"potentialAction\":[{\"@type\":\"SearchAction\",\"target\":{\"@type\":\"EntryPoint\",\"urlTemplate\":\"https:\\\/\\\/styldogpeluqueriacanina.com\\\/?s={search_term_string}\"},\"query-input\":{\"@type\":\"PropertyValueSpecification\",\"valueRequired\":true,\"valueName\":\"search_term_string\"}}],\"inLanguage\":\"en-US\"},{\"@type\":\"Organization\",\"@id\":\"https:\\\/\\\/styldogpeluqueriacanina.com\\\/#organization\",\"name\":\"Styl Dog Peluquer\u00eda Canina\",\"url\":\"https:\\\/\\\/styldogpeluqueriacanina.com\\\/\",\"logo\":{\"@type\":\"ImageObject\",\"inLanguage\":\"en-US\",\"@id\":\"https:\\\/\\\/styldogpeluqueriacanina.com\\\/#\\\/schema\\\/logo\\\/image\\\/\",\"url\":\"https:\\\/\\\/styldogpeluqueriacanina.com\\\/wp-content\\\/uploads\\\/2025\\\/12\\\/styldog202511_logo_web.png\",\"contentUrl\":\"https:\\\/\\\/styldogpeluqueriacanina.com\\\/wp-content\\\/uploads\\\/2025\\\/12\\\/styldog202511_logo_web.png\",\"width\":1080,\"height\":1080,\"caption\":\"Styl Dog Peluquer\u00eda Canina\"},\"image\":{\"@id\":\"https:\\\/\\\/styldogpeluqueriacanina.com\\\/#\\\/schema\\\/logo\\\/image\\\/\"}}]}<\/script>\n<!-- \/ Yoast SEO plugin. -->","yoast_head_json":{"title":"Inicio - Styl Dog Peluquer\u00eda Canina","robots":{"index":"index","follow":"follow","max-snippet":"max-snippet:-1","max-image-preview":"max-image-preview:large","max-video-preview":"max-video-preview:-1"},"canonical":"https:\/\/styldogpeluqueriacanina.com\/en\/","og_locale":"en_US","og_type":"article","og_title":"Inicio - Styl Dog Peluquer\u00eda Canina","og_description":"Peluquer\u00eda Canina STYL DOG Sobre nosotros Somos una peluquer\u00eda canina con m\u00e1s de 20 a\u00f1os de experiencia, comprometidos con el cuidado, la higiene y el bienestar integral de cada perro que nos visita. A lo largo de nuestra trayectoria hemos perfeccionado nuestros servicios para ofrecer una atenci\u00f3n profesional, personalizada y adaptada a las necesidades de [&hellip;]","og_url":"https:\/\/styldogpeluqueriacanina.com\/en\/","og_site_name":"Styl Dog Peluquer\u00eda Canina","article_modified_time":"2025-12-26T16:55:54+00:00","og_image":[{"width":2000,"height":1333,"url":"https:\/\/styldogpeluqueriacanina.com\/wp-content\/uploads\/2025\/12\/48812.jpg","type":"image\/jpeg"}],"twitter_card":"summary_large_image","twitter_misc":{"Est. reading time":"3 minutes"},"schema":{"@context":"https:\/\/schema.org","@graph":[{"@type":"WebPage","@id":"https:\/\/styldogpeluqueriacanina.com\/","url":"https:\/\/styldogpeluqueriacanina.com\/","name":"Inicio - Styl Dog Peluquer\u00eda Canina","isPartOf":{"@id":"https:\/\/styldogpeluqueriacanina.com\/#website"},"primaryImageOfPage":{"@id":"https:\/\/styldogpeluqueriacanina.com\/#primaryimage"},"image":{"@id":"https:\/\/styldogpeluqueriacanina.com\/#primaryimage"},"thumbnailUrl":"https:\/\/styldogpeluqueriacanina.com\/wp-content\/uploads\/2025\/12\/48812.jpg","datePublished":"2025-12-19T15:25:18+00:00","dateModified":"2025-12-26T16:55:54+00:00","breadcrumb":{"@id":"https:\/\/styldogpeluqueriacanina.com\/#breadcrumb"},"inLanguage":"en-US","potentialAction":[{"@type":"ReadAction","target":["https:\/\/styldogpeluqueriacanina.com\/"]}]},{"@type":"ImageObject","inLanguage":"en-US","@id":"https:\/\/styldogpeluqueriacanina.com\/#primaryimage","url":"https:\/\/styldogpeluqueriacanina.com\/wp-content\/uploads\/2025\/12\/48812.jpg","contentUrl":"https:\/\/styldogpeluqueriacanina.com\/wp-content\/uploads\/2025\/12\/48812.jpg"},{"@type":"BreadcrumbList","@id":"https:\/\/styldogpeluqueriacanina.com\/#breadcrumb","itemListElement":[{"@type":"ListItem","position":1,"name":"Portada","item":"https:\/\/styldogpeluqueriacanina.com\/"},{"@type":"ListItem","position":2,"name":"Inicio"}]},{"@type":"WebSite","@id":"https:\/\/styldogpeluqueriacanina.com\/#website","url":"https:\/\/styldogpeluqueriacanina.com\/","name":"Styl Dog Peluquer\u00eda Canina","description":"","publisher":{"@id":"https:\/\/styldogpeluqueriacanina.com\/#organization"},"potentialAction":[{"@type":"SearchAction","target":{"@type":"EntryPoint","urlTemplate":"https:\/\/styldogpeluqueriacanina.com\/?s={search_term_string}"},"query-input":{"@type":"PropertyValueSpecification","valueRequired":true,"valueName":"search_term_string"}}],"inLanguage":"en-US"},{"@type":"Organization","@id":"https:\/\/styldogpeluqueriacanina.com\/#organization","name":"Styl Dog Peluquer\u00eda Canina","url":"https:\/\/styldogpeluqueriacanina.com\/","logo":{"@type":"ImageObject","inLanguage":"en-US","@id":"https:\/\/styldogpeluqueriacanina.com\/#\/schema\/logo\/image\/","url":"https:\/\/styldogpeluqueriacanina.com\/wp-content\/uploads\/2025\/12\/styldog202511_logo_web.png","contentUrl":"https:\/\/styldogpeluqueriacanina.com\/wp-content\/uploads\/2025\/12\/styldog202511_logo_web.png","width":1080,"height":1080,"caption":"Styl Dog Peluquer\u00eda Canina"},"image":{"@id":"https:\/\/styldogpeluqueriacanina.com\/#\/schema\/logo\/image\/"}}]}},"_links":{"self":[{"href":"https:\/\/styldogpeluqueriacanina.com\/en\/wp-json\/wp\/v2\/pages\/14","targetHints":{"allow":["GET"]}}],"collection":[{"href":"https:\/\/styldogpeluqueriacanina.com\/en\/wp-json\/wp\/v2\/pages"}],"about":[{"href":"https:\/\/styldogpeluqueriacanina.com\/en\/wp-json\/wp\/v2\/types\/page"}],"author":[{"embeddable":true,"href":"https:\/\/styldogpeluqueriacanina.com\/en\/wp-json\/wp\/v2\/users\/1"}],"replies":[{"embeddable":true,"href":"https:\/\/styldogpeluqueriacanina.com\/en\/wp-json\/wp\/v2\/comments?post=14"}],"version-history":[{"count":43,"href":"https:\/\/styldogpeluqueriacanina.com\/en\/wp-json\/wp\/v2\/pages\/14\/revisions"}],"predecessor-version":[{"id":323,"href":"https:\/\/styldogpeluqueriacanina.com\/en\/wp-json\/wp\/v2\/pages\/14\/revisions\/323"}],"wp:attachment":[{"href":"https:\/\/styldogpeluqueriacanina.com\/en\/wp-json\/wp\/v2\/media?parent=14"}],"curies":[{"name":"wp","href":"https:\/\/api.w.org\/{rel}","templated":true}]}}